{"id":773,"date":"2019-07-25T11:19:00","date_gmt":"2019-07-25T11:19:00","guid":{"rendered":"https:\/\/matchthemes.com\/testin\/?page_id=773"},"modified":"2020-12-08T11:40:55","modified_gmt":"2020-12-08T10:40:55","slug":"about-us","status":"publish","type":"page","link":"https:\/\/www.lesbaguettesdor.fr\/index.php\/about-us\/","title":{"rendered":"Mentions l\u00e9gales"},"content":{"rendered":"\t\t<div data-elementor-type=\"wp-post\" data-elementor-id=\"773\" class=\"elementor elementor-773\" data-elementor-settings=\"[]\">\n\t\t\t\t\t\t<div class=\"elementor-inner\">\n\t\t\t\t\t\t\t<div class=\"elementor-section-wrap\">\n\t\t\t\t\t\t\t<section class=\"elementor-section elementor-top-section elementor-element elementor-element-1fc36f8 elementor-section-boxed elementor-section-height-default elementor-section-height-default\" data-id=\"1fc36f8\" data-element_type=\"section\">\n\t\t\t\t\t\t<div class=\"elementor-container elementor-column-gap-default\">\n\t\t\t\t\t\t\t<div class=\"elementor-row\">\n\t\t\t\t\t<div class=\"elementor-column elementor-col-100 elementor-top-column elementor-element elementor-element-7dd704b\" data-id=\"7dd704b\" data-element_type=\"column\">\n\t\t\t<div class=\"elementor-column-wrap elementor-element-populated\">\n\t\t\t\t\t\t\t<div class=\"elementor-widget-wrap\">\n\t\t\t\t\t\t<div class=\"elementor-element elementor-element-971e09e elementor-widget elementor-widget-text-editor\" data-id=\"971e09e\" data-element_type=\"widget\" data-widget_type=\"text-editor.default\">\n\t\t\t\t<div class=\"elementor-widget-container\">\n\t\t\t\t\t<div class=\"elementor-text-editor elementor-clearfix\"><h3 style=\"font-size: 24px;\"><span style=\"text-decoration: underline;\">Propri\u00e9t\u00e9 du site<\/span><\/h3>\n<p style=\"line-height: 19.6px; margin-bottom: 10px; text-align: justify; color: #333333;\">Le site https:\/\/www.les-baguettes-dor.fr est la propri\u00e9t\u00e9 pleine et enti\u00e8re de la soci\u00e9t\u00e9 LIA<br><\/p>\n<h3 style=\"font-size: 24px;\"><span style=\"text-decoration: underline;\">Les baguettes d&rsquo;or &#8211; LIA<br><\/span><\/h3>\n<p style=\"line-height: 19.6px; margin-bottom: 10px; text-align: justify; color: #333333;\">SARL au capital de 7000,00 \u20ac immatricul\u00e9e au RCS Strasbourg sous le num\u00e9ro 529 752 164<br><\/p>\n<p style=\"line-height: 19.6px; margin-bottom: 10px; text-align: justify; color: #333333;\">N\u00b0 de TVA Intra-communautaire : <span>FR65529752164<\/span><\/p>\n<p style=\"line-height: 19.6px; margin-bottom: 10px; text-align: justify; color: #333333;\">Adresse du si\u00e8ge social :<br>3 rue Sainte-Catherine<br>67000 Strasbourg<\/p>\n<p style=\"line-height: 19.6px; margin-bottom: 10px; text-align: justify; color: #333333;\">T\u00e9l\u00e9phone : 03 88 24 03 03<\/p>\n<h3 style=\"font-size: 24px;\"><span style=\"text-decoration: underline;\">Directeur \/ Responsable de la publication<\/span><\/h3>\n<p style=\"line-height: 19.6px; margin-bottom: 10px; text-align: justify; color: #333333;\">Le responsable du contenu du site est Alain LI.<\/p>\n<h3 style=\"font-size: 24px;\"><span style=\"text-decoration: underline;\">H\u00e9bergement<\/span><\/h3>\n<p style=\"line-height: 19.6px; margin-bottom: 10px; text-align: justify; color: #333333;\">Soci\u00e9t\u00e9 Online SAS<\/p>\n<p style=\"line-height: 19.6px; margin-bottom: 10px; text-align: justify; color: #333333;\">Adresse web : online.net<\/p>\n<p style=\"line-height: 19.6px; margin-bottom: 10px; text-align: justify; color: #333333;\">Adresse postale :<br>ONLINE SAS<br>BP 438 <br>75366 PARIS CEDEX 08<\/p>\n<h3 style=\"font-size: 24px;\"><span style=\"text-decoration: underline;\">Formalit\u00e9s de d\u00e9claration<\/span><\/h3>\n<p style=\"line-height: 19.6px; margin-bottom: 10px; text-align: justify; color: #333333;\">Conform\u00e9ment \u00e0 la loi relative \u00e0 l\u2019Informatique et aux Libert\u00e9s n\u00b0 78-17 du 6 janvier 1978 (modifi\u00e9e), nous vous informons que ce site a fait l\u2019objet d\u2019une d\u00e9claration de traitement automatis\u00e9 d\u2019informations nominatives ou indirectement nominatives aupr\u00e8s de la Commission Nationale de l\u2019Informatique et des Libert\u00e9s (CNIL).<\/p><\/div>\n\t\t\t\t<\/div>\n\t\t\t\t<\/div>\n\t\t\t\t\t\t<\/div>\n\t\t\t\t\t<\/div>\n\t\t<\/div>\n\t\t\t\t\t\t\t\t<\/div>\n\t\t\t\t\t<\/div>\n\t\t<\/section>\n\t\t\t\t\t\t<\/div>\n\t\t\t\t\t\t<\/div>\n\t\t\t\t\t<\/div>\n\t\t","protected":false},"excerpt":{"rendered":"<p>Propri\u00e9t\u00e9 du site Le site https:\/\/www.les-baguettes-dor.fr est la propri\u00e9t\u00e9 pleine et enti\u00e8re de la soci\u00e9t\u00e9 LIA Les baguettes d&rsquo;or &#8211; LIA SARL au capital de 7000,00 \u20ac immatricul\u00e9e au RCS Strasbourg sous le num\u00e9ro 529 752 164 N\u00b0 de TVA Intra-communautaire : FR65529752164 Adresse du si\u00e8ge social :3 rue Sainte-Catherine67000 Strasbourg T\u00e9l\u00e9phone : 03 88 24 03 03 Directeur \/&#8230;<\/p>\n","protected":false},"author":1,"featured_media":406,"parent":0,"menu_order":0,"comment_status":"closed","ping_status":"closed","template":"my-templates\/template-fullscreen.php","meta":[],"_links":{"self":[{"href":"https:\/\/www.lesbaguettesdor.fr\/index.php\/wp-json\/wp\/v2\/pages\/773"}],"collection":[{"href":"https:\/\/www.lesbaguettesdor.fr\/index.php\/wp-json\/wp\/v2\/pages"}],"about":[{"href":"https:\/\/www.lesbaguettesdor.fr\/index.php\/wp-json\/wp\/v2\/types\/page"}],"author":[{"embeddable":true,"href":"https:\/\/www.lesbaguettesdor.fr\/index.php\/wp-json\/wp\/v2\/users\/1"}],"replies":[{"embeddable":true,"href":"https:\/\/www.lesbaguettesdor.fr\/index.php\/wp-json\/wp\/v2\/comments?post=773"}],"version-history":[{"count":15,"href":"https:\/\/www.lesbaguettesdor.fr\/index.php\/wp-json\/wp\/v2\/pages\/773\/revisions"}],"predecessor-version":[{"id":1978,"href":"https:\/\/www.lesbaguettesdor.fr\/index.php\/wp-json\/wp\/v2\/pages\/773\/revisions\/1978"}],"wp:featuredmedia":[{"embeddable":true,"href":"https:\/\/www.lesbaguettesdor.fr\/index.php\/wp-json\/wp\/v2\/media\/406"}],"wp:attachment":[{"href":"https:\/\/www.lesbaguettesdor.fr\/index.php\/wp-json\/wp\/v2\/media?parent=773"}],"curies":[{"name":"wp","href":"https:\/\/api.w.org\/{rel}","templated":true}]}}